{"id":38,"date":"2020-12-13T15:43:58","date_gmt":"2020-12-13T14:43:58","guid":{"rendered":"https:\/\/www.majomax.sk\/?page_id=38"},"modified":"2022-08-23T08:46:52","modified_gmt":"2022-08-23T06:46:52","slug":"kontakt","status":"publish","type":"page","link":"https:\/\/www.majomax.sk\/","title":{"rendered":"Kontakt"},"content":{"rendered":"\n<h2>Kontaktn\u00e9 \u00fadaje<\/h2>\n\n\n\n<div class=\"wp-block-columns\">\n<div class=\"wp-block-column\">\n<p class=\"has-black-color has-text-color\"><strong>MAJOMAX spol. s r.o<\/strong>.<br>Robotn\u00edcka 2124, 017 01 Pova\u017esk\u00e1 Bystrica<\/p>\n\n\n\n<p class=\"has-black-color has-text-color\">e-mail: <a href=\"mailto:info@majomax.sk\">info@majomax.sk<\/a><br>tel: +421 42 4320 402<\/p>\n\n\n\n<p class=\"has-black-color has-text-color\">I\u010cO: 315 765 16<br>DI\u010c: 2020 439 135<br>I\u010c DPH: SK 2020 439 135<\/p>\n\n\n\n<p class=\"has-black-color has-text-color\">konate\u013e spolo\u010dnosti:  <strong>Jarmila Taba\u010dkov\u00e1<\/strong><br>mobil: +421&nbsp;903&nbsp;177 777<br>e-mail:&nbsp;<a href=\"mailto:tabacek@majomax.sk\">tabacek@majomax.sk<\/a><\/p>\n\n\n\n<p class=\"has-black-color has-text-color\">Obchodn\u00fd register Okresn\u00e9ho s\u00fadu Tren\u010d\u00edn oddiel: Sro, vlo\u017eka \u010d.: 2192\/R<\/p>\n\n\n\n<p class=\"has-black-color has-text-color\">\u010ceskoslovensk\u00e1 obchodn\u00e1 banka a.s.<br>IBAN:&nbsp;SK46 7500 0000 0040 0859 9490<\/p>\n\n\n\n<p><a rel=\"noreferrer noopener\" href=\"https:\/\/orsr.sk\/vypis.asp?ID=2094&amp;SID=6&amp;P=0\" target=\"_blank\"><strong>Obchodn\u00fd register SR<\/strong><\/a><\/p>\n\n\n\n<p><strong>Mapa<\/strong><\/p>\n<\/div>\n\n\n\n<div class=\"wp-block-column\">\n<figure class=\"wp-block-image size-large\"><img loading=\"lazy\" width=\"1024\" height=\"576\" src=\"https:\/\/www.majomax.sk\/wp-content\/uploads\/2021\/06\/IMG_20210623_101808w-1024x576.jpg\" alt=\"\" class=\"wp-image-353\" srcset=\"https:\/\/www.majomax.sk\/wp-content\/uploads\/2021\/06\/IMG_20210623_101808w-1024x576.jpg 1024w, https:\/\/www.majomax.sk\/wp-content\/uploads\/2021\/06\/IMG_20210623_101808w-300x169.jpg 300w, https:\/\/www.majomax.sk\/wp-content\/uploads\/2021\/06\/IMG_20210623_101808w-768x432.jpg 768w, https:\/\/www.majomax.sk\/wp-content\/uploads\/2021\/06\/IMG_20210623_101808w-1536x864.jpg 1536w, https:\/\/www.majomax.sk\/wp-content\/uploads\/2021\/06\/IMG_20210623_101808w-2048x1152.jpg 2048w\" sizes=\"(max-width: 1024px) 100vw, 1024px\" \/><\/figure>\n<\/div>\n<\/div>\n\n\n\n<div class=\"wp-block-columns\">\n<div class=\"wp-block-column\">\n<iframe src=\"https:\/\/www.google.com\/maps\/embed?pb=!1m18!1m12!1m3!1d2611.1008764543476!2d18.419295715860507!3d49.12271929001217!2m3!1f0!2f0!3f0!3m2!1i1024!2i768!4f13.1!3m3!1m2!1s0x4714f41372a4f191%3A0x82292542c279f491!2sMAJOMAX%20spol.%20s%20r.o.!5e0!3m2!1ssk!2ssk!4v1625576009426!5m2!1ssk!2ssk\" width=\"1300\" height=\"460\" style=\"border:0;\" allowfullscreen=\"\" loading=\"lazy\"><\/iframe>\n<\/div>\n<\/div>\n","protected":false},"excerpt":{"rendered":"<p>Kontaktn\u00e9 \u00fadaje MAJOMAX spol. s r.o.Robotn\u00edcka 2124, 017 01 Pova\u017esk\u00e1 Bystrica e-mail: info@majomax.sktel: +421 42 4320 402 I\u010cO: 315 765 16DI\u010c: 2020 439 135I\u010c DPH: SK 2020 439 135 konate\u013e spolo\u010dnosti: Jarmila Taba\u010dkov\u00e1mobil: +421&nbsp;903&nbsp;177 777e-mail:&nbsp;tabacek@majomax.sk Obchodn\u00fd register Okresn\u00e9ho s\u00fadu Tren\u010d\u00edn oddiel: Sro, vlo\u017eka \u010d.: 2192\/R \u010ceskoslovensk\u00e1 obchodn\u00e1 banka a.s.IBAN:&nbsp;SK46 7500 0000 0040 0859 9490 Obchodn\u00fd [&hellip;]<\/p>\n","protected":false},"author":1,"featured_media":0,"parent":0,"menu_order":0,"comment_status":"closed","ping_status":"closed","template":"","meta":[],"_links":{"self":[{"href":"https:\/\/www.majomax.sk\/index.php?rest_route=\/wp\/v2\/pages\/38"}],"collection":[{"href":"https:\/\/www.majomax.sk\/index.php?rest_route=\/wp\/v2\/pages"}],"about":[{"href":"https:\/\/www.majomax.sk\/index.php?rest_route=\/wp\/v2\/types\/page"}],"author":[{"embeddable":true,"href":"https:\/\/www.majomax.sk\/index.php?rest_route=\/wp\/v2\/users\/1"}],"replies":[{"embeddable":true,"href":"https:\/\/www.majomax.sk\/index.php?rest_route=%2Fwp%2Fv2%2Fcomments&post=38"}],"version-history":[{"count":35,"href":"https:\/\/www.majomax.sk\/index.php?rest_route=\/wp\/v2\/pages\/38\/revisions"}],"predecessor-version":[{"id":522,"href":"https:\/\/www.majomax.sk\/index.php?rest_route=\/wp\/v2\/pages\/38\/revisions\/522"}],"wp:attachment":[{"href":"https:\/\/www.majomax.sk\/index.php?rest_route=%2Fwp%2Fv2%2Fmedia&parent=38"}],"curies":[{"name":"wp","href":"https:\/\/api.w.org\/{rel}","templated":true}]}}